{"id":10,"date":"2015-04-03T22:23:15","date_gmt":"2015-04-03T20:23:15","guid":{"rendered":"http:\/\/192.168.2.52\/?page_id=10"},"modified":"2024-04-30T08:23:19","modified_gmt":"2024-04-30T06:23:19","slug":"kontakt-anfahrt","status":"publish","type":"page","link":"https:\/\/cardio-diabetes.de\/?page_id=10","title":{"rendered":"Koblenz"},"content":{"rendered":"<p>Unsere Praxis in Koblenz finden Sie seit dem 15.7.2019 \u00a0in der<\/p>\n<p>Rudolf-Virchow-Str. 9<br \/>\n56073 Koblenz<\/p>\n<p>Telefon 0261 33168<br \/>\nTelefax 0261 38190<\/p>\n<p>email: <a href=\"mailto:info-ko@cardio-diabetes.de\">info-ko@cardio-diabetes.de<\/a><\/p>\n<p>Die Praxis befindet sich im ehem. Personalwohnheim des Klinikums (Haus Augustinus). Bei Anfahrt mit dem PKW \u00fcberqueren Sie den Besucherparkplatz des Krankenhauses. Die Praxis liegt am Ende des Parkplatzes.<\/p>\n<p>Die Bushaltestelle &#8222;Marienhof&#8220; befindet sich in kurzer fu\u00dfl\u00e4ufiger Entfernung an der Moselwei\u00dfer Stra\u00dfe.<\/p>\n<p><span style=\"text-decoration: underline;\">Sprechzeiten<\/span>:<\/p>\n<p>nach telefonischer Vereinbarung<\/p>\n<p><strong>Wir sind telefonisch erreichbar:<\/strong><\/p>\n<p>Mo. 8.00-12.00 Uhr und 14.00 bis 17.00 Uhr<\/p>\n<p>Di. 8.00-12.00 Uhr und 14.00 bis 17.00 Uhr<\/p>\n<p>Mi. 8.00 &#8211; 12.00 Uhr<\/p>\n<p>Do. 8.00 bis 12.00 Uhr und 14.00 bis 17.00<\/p>\n<p>Fr. 8.00 bis 12.00 Uhr<\/p>\n<p>Notfallnummern ausserhalb dieser Zeiten entnehmen Sie bitte der Bandansage.<\/p>\n<p>Montags, Dienstags und Donnerstags ist die Praxis in der Mittagspause zwischen 13 und 14.00 Uhr geschlossen.<\/p>\n","protected":false},"excerpt":{"rendered":"<p>Unsere Praxis in Koblenz finden Sie seit dem 15.7.2019 \u00a0in der Rudolf-Virchow-Str. 9 56073 Koblenz Telefon 0261 33168 Telefax 0261<\/p>\n<p><a href=\"https:\/\/cardio-diabetes.de\/?page_id=10\" class=\"more-link\">Continue reading<span class=\"screen-reader-text\">Koblenz<\/span><\/a><\/p>\n","protected":false},"author":1,"featured_media":0,"parent":39,"menu_order":0,"comment_status":"closed","ping_status":"closed","template":"","meta":{"footnotes":""},"class_list":["post-10","page","type-page","status-publish","hentry"],"_links":{"self":[{"href":"https:\/\/cardio-diabetes.de\/index.php?rest_route=\/wp\/v2\/pages\/10","targetHints":{"allow":["GET"]}}],"collection":[{"href":"https:\/\/cardio-diabetes.de\/index.php?rest_route=\/wp\/v2\/pages"}],"about":[{"href":"https:\/\/cardio-diabetes.de\/index.php?rest_route=\/wp\/v2\/types\/page"}],"author":[{"embeddable":true,"href":"https:\/\/cardio-diabetes.de\/index.php?rest_route=\/wp\/v2\/users\/1"}],"replies":[{"embeddable":true,"href":"https:\/\/cardio-diabetes.de\/index.php?rest_route=%2Fwp%2Fv2%2Fcomments&post=10"}],"version-history":[{"count":6,"href":"https:\/\/cardio-diabetes.de\/index.php?rest_route=\/wp\/v2\/pages\/10\/revisions"}],"predecessor-version":[{"id":470,"href":"https:\/\/cardio-diabetes.de\/index.php?rest_route=\/wp\/v2\/pages\/10\/revisions\/470"}],"up":[{"embeddable":true,"href":"https:\/\/cardio-diabetes.de\/index.php?rest_route=\/wp\/v2\/pages\/39"}],"wp:attachment":[{"href":"https:\/\/cardio-diabetes.de\/index.php?rest_route=%2Fwp%2Fv2%2Fmedia&parent=10"}],"curies":[{"name":"wp","href":"https:\/\/api.w.org\/{rel}","templated":true}]}}