{"id":17,"date":"2015-04-06T11:22:29","date_gmt":"2015-04-06T09:22:29","guid":{"rendered":"http:\/\/192.168.2.52\/?page_id=17"},"modified":"2025-05-27T11:32:54","modified_gmt":"2025-05-27T09:32:54","slug":"unser-leistungsspektrum","status":"publish","type":"page","link":"https:\/\/cardio-diabetes.de\/?page_id=17","title":{"rendered":"Leistungsspektrum"},"content":{"rendered":"<p><strong>Kardiologie<\/strong><\/p>\n<ul>\n<li>Ruhe-EKG<\/li>\n<li>Belastungs-EKG (Ergometrie)<\/li>\n<li>Spiroergometrie<\/li>\n<li>Langzeit-EKG<\/li>\n<li>Langzeit-Blutdruckmessung<\/li>\n<li>Echokardiographie (M-Mode, 2D, 3D, Doppler und Farbdoppler,\u00a0Gewebedoppler, Speckle tracking)<\/li>\n<li>Stressechokardiographie<\/li>\n<li>DMP Koronare Herzerkrankung (KHK)<\/li>\n<li>Schrittmacher &#8211; \/ ICD- \/ CRT-Kontrolluntersuchung<\/li>\n<li>Abfrage von Event-Recordern (ILR)<\/li>\n<li>Schlafapnoe-Screening<\/li>\n<li>Duplex-Sonographie der hirnversorgenden Gef\u00e4\u00dfe (Halsgef\u00e4\u00dfe)<\/li>\n<li>Duplex-Sonographie der Extremit\u00e4tenarterien (periphere Gef\u00e4\u00dfe)<\/li>\n<\/ul>\n<p><strong>Diabetologie\u00a0<\/strong><\/p>\n<ul>\n<li>Strukturierte\u00a0 Schulungen f\u00fcr alle Diabetestypen und\u00a0Behandlungsformen<\/li>\n<li>DMP\u00a0 Diabetes<\/li>\n<li>Schwangerschaftsdiabetes<\/li>\n<li>Insulinpumpentherapie<\/li>\n<li>Kontinuierliche Zuckermessung\u00a0mittels Glucosesensor<\/li>\n<li>Diagnostik und Therapie von Folge- und Begleiterkrankungen des Diabetes<\/li>\n<li>Ern\u00e4hrungsberatung<\/li>\n<\/ul>\n<p><strong>Diabetologische Fu\u00dfambulanz (in unserer Praxis in Koblenz)<\/strong><\/p>\n<ul>\n<li>Behandlung von Patienten mit Diabetes mellitus und dessen Folgesch\u00e4den am Fu\u00df<\/li>\n<li>Wundbehandlung des diabetischen Fu\u00dfsyndroms<\/li>\n<li>Einleitung, Koordination der h\u00e4uslichen Wundversorgung<\/li>\n<li>Schuh- und Einlageversorgung, Kompressionsstr\u00fcmpfe usw.<\/li>\n<li>Vor- und Nachsorge bei erforderlichen Krankenhausbehandlungen<\/li>\n<li>Interdisziplin\u00e4re Zusammenarbeit mit spezialisierten \u00c4rzten, Fachpersonal im Bereich des diabetischen Fu\u00dfes<\/li>\n<li>Kaltplasmatherapie<\/li>\n<\/ul>\n<p><em>Jeder kleine Kratzer kann zu einem gro\u00dfen Drama werden&#8230;.<\/em><\/p>\n<p>Bitte telefonische Terminvereinbarung mit Angabe &#8222;Fu\u00dfambulanz&#8220;, auch bei Notf\u00e4llen vorher Kontakt zu uns aufnehmen um einen reibungslosen Ablauf zu gew\u00e4hrleisten.<\/p>\n<p>&nbsp;<\/p>\n","protected":false},"excerpt":{"rendered":"<p>Kardiologie Ruhe-EKG Belastungs-EKG (Ergometrie) Spiroergometrie Langzeit-EKG Langzeit-Blutdruckmessung Echokardiographie (M-Mode, 2D, 3D, Doppler und Farbdoppler,\u00a0Gewebedoppler, Speckle tracking) Stressechokardiographie DMP Koronare Herzerkrankung<\/p>\n<p><a href=\"https:\/\/cardio-diabetes.de\/?page_id=17\" class=\"more-link\">Continue reading<span class=\"screen-reader-text\">Leistungsspektrum<\/span><\/a><\/p>\n","protected":false},"author":1,"featured_media":0,"parent":0,"menu_order":2,"comment_status":"closed","ping_status":"closed","template":"","meta":{"footnotes":""},"class_list":["post-17","page","type-page","status-publish","hentry"],"_links":{"self":[{"href":"https:\/\/cardio-diabetes.de\/index.php?rest_route=\/wp\/v2\/pages\/17","targetHints":{"allow":["GET"]}}],"collection":[{"href":"https:\/\/cardio-diabetes.de\/index.php?rest_route=\/wp\/v2\/pages"}],"about":[{"href":"https:\/\/cardio-diabetes.de\/index.php?rest_route=\/wp\/v2\/types\/page"}],"author":[{"embeddable":true,"href":"https:\/\/cardio-diabetes.de\/index.php?rest_route=\/wp\/v2\/users\/1"}],"replies":[{"embeddable":true,"href":"https:\/\/cardio-diabetes.de\/index.php?rest_route=%2Fwp%2Fv2%2Fcomments&post=17"}],"version-history":[{"count":8,"href":"https:\/\/cardio-diabetes.de\/index.php?rest_route=\/wp\/v2\/pages\/17\/revisions"}],"predecessor-version":[{"id":501,"href":"https:\/\/cardio-diabetes.de\/index.php?rest_route=\/wp\/v2\/pages\/17\/revisions\/501"}],"wp:attachment":[{"href":"https:\/\/cardio-diabetes.de\/index.php?rest_route=%2Fwp%2Fv2%2Fmedia&parent=17"}],"curies":[{"name":"wp","href":"https:\/\/api.w.org\/{rel}","templated":true}]}}