{"id":19,"date":"2015-04-03T22:47:49","date_gmt":"2015-04-03T20:47:49","guid":{"rendered":"http:\/\/192.168.2.52\/?page_id=19"},"modified":"2021-08-28T18:10:46","modified_gmt":"2021-08-28T16:10:46","slug":"checkliste-vor-ihrem-termin","status":"publish","type":"page","link":"https:\/\/cardio-diabetes.de\/?page_id=19","title":{"rendered":"Vor Ihrem Besuch"},"content":{"rendered":"<p>Wenn Sie einen kardiologischen oder diabetologischen Termin bei uns haben, m\u00f6chten wir Sie bitten,<\/p>\n<ul>\n<li><span style=\"color: #ff0000;\">Ihre Versicherungskarte<\/span>,<\/li>\n<li><span style=\"color: #ff0000;\"><span style=\"color: #000000;\">falls m\u00f6glich<\/span> eine g\u00fcltige \u00dcberweisung<\/span> sowie<\/li>\n<li><span style=\"color: #ff0000;\">Vorbefunde \/ Arztbriefe<\/span> und eine<\/li>\n<li><span style=\"color: #ff0000;\">aktuelle Medikamentenliste<\/span>\u00a0(Pr\u00e4parate und Dosis, am besten in Form des &#8222;<strong>Bundeseinheitlichen Medikationsplans<\/strong>&#8222;)<br \/>\nmitzubringen.<\/li>\n<\/ul>\n<p>Sollten Sie keinen Medikamentenplan haben, k\u00f6nnen Sie diesen \u00fcblicherweise bei Ihrem Hausarzt erhalten. M\u00f6chten Sie selbst eine Liste erstellen, k\u00f6nnen Sie einen Vordruck\u00a0auf der Seite des &#8222;<a href=\"http:\/\/www.aps-ev.de\/patienten\/\" target=\"_blank\" rel=\"noopener noreferrer\">Aktionsb\u00fcndnis Patientensicherheit<\/a>&#8220; herunterladen (<a href=\"http:\/\/www.aps-ev.de\/wp-content\/uploads\/2016\/08\/Medikamentenplan.pdf\" target=\"_blank\" rel=\"noopener noreferrer\">direkt zum Formular<\/a>).<\/p>\n<p><strong>Der Medikamentenplan\u00a0ist erforderlich, um Ihre aktuelle Medikation \u00fcberpr\u00fcfen und Therapievorschl\u00e4ge machen zu k\u00f6nnen. Es ist auch f\u00fcr Sie wichtig, Ihre Medikation zu kennen! Der Bundeseinheitliche Medikamentenplan enth\u00e4lt einen Barcode, der uns das Abtippen Ihrer Medikation und damit unn\u00f6tige Arbeit erspart.\u00a0<\/strong><\/p>\n<p>Sollten Sie Ihren Termin nicht wahrnehmen k\u00f6nnen, bitten wir Sie, <span style=\"text-decoration: underline;\">so fr\u00fch wie m\u00f6glich<\/span> Bescheid zu geben, damit wir diesen an\u00a0andere Patienten, die auf Termine warten, vergeben k\u00f6nnen.<\/p>\n<p>Falls\u00a0Sie zum ersten Mal unsere Praxis aufsuchen, bitten wir Sie, einen Fragebogen zur Vorgeschichte auszuf\u00fcllen. Wenn Sie diesen schon vorab bearbeiten m\u00f6chten, finden Sie ihn hier:<\/p>\n<ul>\n<li><a href=\"http:\/\/cardio-diabetes.de\/wp-content\/uploads\/2021\/08\/Anamnesebogen-Kardio.pdf\">Anamnesebogen Kardiologie<\/a> (Koblenz)<\/li>\n<li><a href=\"http:\/\/cardio-diabetes.de\/wp-content\/uploads\/2021\/08\/Anamnesebogen-Diabetes.pdf\">Anamnesebogen Diabetologie<\/a> (Koblenz).<\/li>\n<\/ul>\n<p>Wenn Sie Ihren Termin in Koblenz haben, werden wir Sie \u00fcblicherweise zus\u00e4tzlich telefonisch an diesen erinnern.<\/p>\n<p>Wir bem\u00fchen uns, alle notwendigen Untersuchungen an einem Termin durchzuf\u00fchren. Bitte kalkulieren Sie daher einen entsprechenden Zeitrahmen ein.<\/p>\n<p>Bitte seien Sie p\u00fcnktlich, da die nachfolgenden Termine \u00fcblicherweise bereits vergeben sind.\u00a0 Versp\u00e4tetes Erscheinen f\u00fchrt zu unn\u00f6tigen Wartezeiten f\u00fcr die nachfolgenden Patienten.\u00a0In diesem Fall \u00a0behalten wir uns vor, einen neuen Termin zu vergeben.<\/p>\n","protected":false},"excerpt":{"rendered":"<p>Wenn Sie einen kardiologischen oder diabetologischen Termin bei uns haben, m\u00f6chten wir Sie bitten, Ihre Versicherungskarte, falls m\u00f6glich eine g\u00fcltige<\/p>\n<p><a href=\"https:\/\/cardio-diabetes.de\/?page_id=19\" class=\"more-link\">Continue reading<span class=\"screen-reader-text\">Vor Ihrem Besuch<\/span><\/a><\/p>\n","protected":false},"author":1,"featured_media":0,"parent":0,"menu_order":3,"comment_status":"closed","ping_status":"closed","template":"","meta":{"footnotes":""},"class_list":["post-19","page","type-page","status-publish","hentry"],"_links":{"self":[{"href":"https:\/\/cardio-diabetes.de\/index.php?rest_route=\/wp\/v2\/pages\/19","targetHints":{"allow":["GET"]}}],"collection":[{"href":"https:\/\/cardio-diabetes.de\/index.php?rest_route=\/wp\/v2\/pages"}],"about":[{"href":"https:\/\/cardio-diabetes.de\/index.php?rest_route=\/wp\/v2\/types\/page"}],"author":[{"embeddable":true,"href":"https:\/\/cardio-diabetes.de\/index.php?rest_route=\/wp\/v2\/users\/1"}],"replies":[{"embeddable":true,"href":"https:\/\/cardio-diabetes.de\/index.php?rest_route=%2Fwp%2Fv2%2Fcomments&post=19"}],"version-history":[{"count":2,"href":"https:\/\/cardio-diabetes.de\/index.php?rest_route=\/wp\/v2\/pages\/19\/revisions"}],"predecessor-version":[{"id":393,"href":"https:\/\/cardio-diabetes.de\/index.php?rest_route=\/wp\/v2\/pages\/19\/revisions\/393"}],"wp:attachment":[{"href":"https:\/\/cardio-diabetes.de\/index.php?rest_route=%2Fwp%2Fv2%2Fmedia&parent=19"}],"curies":[{"name":"wp","href":"https:\/\/api.w.org\/{rel}","templated":true}]}}